{"id":166,"date":"2019-08-29T16:02:32","date_gmt":"2019-08-29T14:02:32","guid":{"rendered":"https:\/\/micronauta.com\/DOLORS\/?page_id=166"},"modified":"2024-04-21T13:22:05","modified_gmt":"2024-04-21T11:22:05","slug":"pie-pagina","status":"publish","type":"page","link":"https:\/\/micronauta.com\/DOLORS\/pie-pagina\/","title":{"rendered":"Hola :-)"},"content":{"rendered":"\n<p>Te doy la bienvenida a este espacio de comunicaci\u00f3n. Un lugar para compartir pensamientos, reflexiones y verificar con la experiencia.<\/p>\n\n\n\n<p>Escribir en este espacio digital tiene dos ventajas fundamentales. Por una parte, me permite poner orden y sacar a la luz todo esos pensamientos y reflexiones que me ayudan a entender qui\u00e9n soy y porqu\u00e9 hago las cosas de cierta manera o\/y no de otra. Y en segundo lugar, sin m\u00e1s pretensiones ocultas, y lo mejor de todo: para poder compartir y que puedas beneficiarte y mejorar tu calidad de vida. Estoy convencida de ello. <strong>Si mejoras la calidad de tus pensamientos, mejoras tu vida en todos los aspectos<\/strong> \ud83d\ude42<\/p>\n\n\n\n<p>La intenci\u00f3n es de que cada post, de paso a la reflexi\u00f3n. Para m\u00ed, escribir es pensar, reflexionar. No me resulta f\u00e1cil, pero vale la pena el reto, segura de que con el tiempo, este espacio que hoy inauguro con cierta incertidumbre, me resulte \u00fatil, a m\u00ed, para reordenar ese documentado caj\u00f3n y a t\u00ed, para poder compartir aquello que, de alguna manera, resuene contigo y te haga hacer ese \u00abclic\u00bb en alg\u00fan momento de tu vida. As\u00ed que espero con mi mayor anhelo que<strong> todo lo expuesto, sea un gran aprendizaje<\/strong> como lo est\u00e1 siendo para m\u00ed, Gracias \ud83d\ude42<\/p>\n ","protected":false},"excerpt":{"rendered":"<p>Te doy la bienvenida a este espacio de comunicaci\u00f3n. Un lugar para compartir pensamientos, reflexiones y verificar con la experiencia. Escribir en este espacio digital tiene dos ventajas fundamentales. Por una parte, me permite poner orden y sacar a la&#8230;<\/p>\n","protected":false},"author":1,"featured_media":0,"parent":0,"menu_order":0,"comment_status":"closed","ping_status":"closed","template":"","meta":[],"_links":{"self":[{"href":"https:\/\/micronauta.com\/DOLORS\/wp-json\/wp\/v2\/pages\/166"}],"collection":[{"href":"https:\/\/micronauta.com\/DOLORS\/wp-json\/wp\/v2\/pages"}],"about":[{"href":"https:\/\/micronauta.com\/DOLORS\/wp-json\/wp\/v2\/types\/page"}],"author":[{"embeddable":true,"href":"https:\/\/micronauta.com\/DOLORS\/wp-json\/wp\/v2\/users\/1"}],"replies":[{"embeddable":true,"href":"https:\/\/micronauta.com\/DOLORS\/wp-json\/wp\/v2\/comments?post=166"}],"version-history":[{"count":24,"href":"https:\/\/micronauta.com\/DOLORS\/wp-json\/wp\/v2\/pages\/166\/revisions"}],"predecessor-version":[{"id":14850,"href":"https:\/\/micronauta.com\/DOLORS\/wp-json\/wp\/v2\/pages\/166\/revisions\/14850"}],"wp:attachment":[{"href":"https:\/\/micronauta.com\/DOLORS\/wp-json\/wp\/v2\/media?parent=166"}],"curies":[{"name":"wp","href":"https:\/\/api.w.org\/{rel}","templated":true}]}}