{"id":1673,"date":"2020-03-27T18:20:08","date_gmt":"2020-03-27T17:20:08","guid":{"rendered":"https:\/\/micronauta.com\/DOLORS\/?page_id=1673"},"modified":"2020-03-28T07:27:19","modified_gmt":"2020-03-28T06:27:19","slug":"que-opcion-escojo","status":"publish","type":"page","link":"https:\/\/micronauta.com\/DOLORS\/que-opcion-escojo\/","title":{"rendered":"\u00bfQu\u00e9 opci\u00f3n escojo?"},"content":{"rendered":"\n<figure class=\"wp-block-image alignfull\"><img loading=\"lazy\" width=\"777\" height=\"717\" src=\"https:\/\/micronauta.com\/DOLORS\/wp-content\/uploads\/2020\/03\/Qu\u00e9-opci\u00f3n-escoges.jpg\" alt=\"\" class=\"wp-image-1667\" srcset=\"https:\/\/micronauta.com\/DOLORS\/wp-content\/uploads\/2020\/03\/Qu\u00e9-opci\u00f3n-escoges.jpg 777w, https:\/\/micronauta.com\/DOLORS\/wp-content\/uploads\/2020\/03\/Qu\u00e9-opci\u00f3n-escoges-300x277.jpg 300w, https:\/\/micronauta.com\/DOLORS\/wp-content\/uploads\/2020\/03\/Qu\u00e9-opci\u00f3n-escoges-768x709.jpg 768w\" sizes=\"(max-width: 777px) 100vw, 777px\" \/><figcaption><strong> Si has descartado la Zona de Miedo, EXCELENTE decisi\u00f3n. Tienes una gran OPORTUNIDAD para ese APRENDIZAJE que te alejar\u00e1 de esa zona que ya no quieres en tu Vida. Recuerda que: \u00abDonde enfocamos la Energ\u00eda, enfocamos el \u00c9xito; y el \u00c9xito me da Calma, Alegr\u00eda, Fortaleza y Sabidur\u00eda &#8216;-))  No me hagas caso y COMPRU\u00c9BALO!<\/strong><\/figcaption><\/figure>\n ","protected":false},"excerpt":{"rendered":"","protected":false},"author":1,"featured_media":0,"parent":0,"menu_order":0,"comment_status":"closed","ping_status":"closed","template":"","meta":[],"_links":{"self":[{"href":"https:\/\/micronauta.com\/DOLORS\/wp-json\/wp\/v2\/pages\/1673"}],"collection":[{"href":"https:\/\/micronauta.com\/DOLORS\/wp-json\/wp\/v2\/pages"}],"about":[{"href":"https:\/\/micronauta.com\/DOLORS\/wp-json\/wp\/v2\/types\/page"}],"author":[{"embeddable":true,"href":"https:\/\/micronauta.com\/DOLORS\/wp-json\/wp\/v2\/users\/1"}],"replies":[{"embeddable":true,"href":"https:\/\/micronauta.com\/DOLORS\/wp-json\/wp\/v2\/comments?post=1673"}],"version-history":[{"count":4,"href":"https:\/\/micronauta.com\/DOLORS\/wp-json\/wp\/v2\/pages\/1673\/revisions"}],"predecessor-version":[{"id":1693,"href":"https:\/\/micronauta.com\/DOLORS\/wp-json\/wp\/v2\/pages\/1673\/revisions\/1693"}],"wp:attachment":[{"href":"https:\/\/micronauta.com\/DOLORS\/wp-json\/wp\/v2\/media?parent=1673"}],"curies":[{"name":"wp","href":"https:\/\/api.w.org\/{rel}","templated":true}]}}