{"id":1718,"date":"2020-03-28T19:00:00","date_gmt":"2020-03-28T18:00:00","guid":{"rendered":"https:\/\/micronauta.com\/DOLORS\/?page_id=1718"},"modified":"2023-07-20T16:01:45","modified_gmt":"2023-07-20T14:01:45","slug":"21-creencias-falsas","status":"publish","type":"page","link":"https:\/\/micronauta.com\/DOLORS\/21-creencias-falsas\/","title":{"rendered":"21 Creencias que nos hacen la pu\u00f1eta y sus correspondientes ant\u00eddotos"},"content":{"rendered":"\n<h2>INDICE:<\/h2>\n\n\n\n<p class=\"has-very-dark-gray-color has-light-green-cyan-background-color has-text-color has-background\" style=\"font-size:23px\">Primer Bloque: <strong>Sobre t\u00ed<\/strong><\/p>\n\n\n\n<ul><li><a href=\"https:\/\/micronauta.com\/DOLORS\/creencia-1\/\"><strong>No seas egosita: \u00a1Piensa en los dem\u00e1s!<\/strong><\/a><strong>                                                                <\/strong><\/li><li><strong><a href=\"https:\/\/micronauta.com\/DOLORS\/creencia-2\/\">Si piensas que tienes raz\u00f3n: !No Bajes del burro!<\/a><\/strong><\/li><li><strong><a href=\"https:\/\/micronauta.com\/DOLORS\/3a-creencia-falsa\/\">Ser\u00e1s libre cuando hagas lo que quieras<\/a><\/strong><\/li><li><strong><a href=\"https:\/\/micronauta.com\/DOLORS\/4ta-creencia-falsa\/\">Si no te gusta lo que sientes: cambialo!<\/a><\/strong><\/li><li><strong><a href=\"https:\/\/micronauta.com\/DOLORS\/21-creencias-falsas\/5a-creencia-falsa\/\">Tu me haces feliz <\/a><\/strong><\/li><li><strong><a href=\"https:\/\/micronauta.com\/DOLORS\/6a-creencia-falsa\/\">El que has comprat \u00e9s teu<\/a><\/strong><\/li><li><strong>Tu tens una fam\u00edlia<\/strong><\/li><li><strong>Tu pots canviar els altres<\/strong><\/li><\/ul>\n\n\n\n<p class=\"has-luminous-vivid-amber-background-color has-background\" style=\"font-size:22px\"><strong>Segundo Bloque: Sobre el mundo y la realidad<\/strong><\/p>\n\n\n\n<ul><li>Veus el m\u00f3n tal com \u00e9s<\/li><li>El teu pensament crea la realitat<\/li><li>Lluita per canviar la realitat<\/li><li>Els problemes s\u00f3n dolents: allunya-te&#8217;n!<\/li><li>Si lluites, treballar\u00e0s en el que vulguis<\/li><\/ul>\n\n\n\n<p class=\"has-pale-pink-background-color has-background\" style=\"font-size:23px\"><strong>Tercer Bloque: Sobre la bondad y el amor<\/strong><\/p>\n\n\n\n<ul><li>Ser bo \u00e9s una virtut<\/li><li>La sinceritat \u00e9s un valor<\/li><li>\u00c9s normal mostrar l&#8217;enuig on hi ha confian\u00e7a<\/li><li>L&#8217;amor \u00e9s un sentiment<\/li><li>Si estimes, patir\u00e0s<\/li><\/ul>\n\n\n\n<p class=\"has-cyan-bluish-gray-background-color has-background\" style=\"font-size:19px\"><strong>Cuarto Bloque: Sobre la lucha contra el bien y el mal<\/strong><\/p>\n\n\n\n<ul><li>Lluita contra el mal, defensa el b\u00e9<\/li><li>Subleva&#8217;t contra la injust\u00edcia<\/li><li>Hem de castigar els culpables<\/li><\/ul>\n\n\n\n<p class=\"has-luminous-vivid-orange-background-color has-background\" style=\"font-size:17px\"><strong>S\u00edntesi: Les creences falses i les seves veritables oposades<\/strong><\/p>\n\n\n\n<p>Associaci\u00f3 falsa<\/p>\n\n\n\n<p>Saviesa i Societat: \u00abUna suma de zeros, mai donar\u00e1 u\u00bb<\/p>\n\n\n\n<p class=\"has-vivid-green-cyan-background-color has-background has-medium-font-size\"><strong>Ep\u00edleg: saviesa i societat<\/strong><\/p>\n\n\n\n<p class=\"has-vivid-cyan-blue-background-color has-background has-medium-font-size\"><strong>Glosari de termes<\/strong><\/p>\n\n\n\n<p class=\"has-text-align-right\">Namast\u00e9 \ud83d\ude42<\/p>\n ","protected":false},"excerpt":{"rendered":"<p>INDICE: Primer Bloque: Sobre t\u00ed No seas egosita: \u00a1Piensa en los dem\u00e1s! Si piensas que tienes raz\u00f3n: !No Bajes del burro! Ser\u00e1s libre cuando hagas lo que quieras Si no te gusta lo que sientes: cambialo! Tu me haces feliz&#8230;<\/p>\n","protected":false},"author":1,"featured_media":0,"parent":0,"menu_order":0,"comment_status":"closed","ping_status":"closed","template":"","meta":[],"_links":{"self":[{"href":"https:\/\/micronauta.com\/DOLORS\/wp-json\/wp\/v2\/pages\/1718"}],"collection":[{"href":"https:\/\/micronauta.com\/DOLORS\/wp-json\/wp\/v2\/pages"}],"about":[{"href":"https:\/\/micronauta.com\/DOLORS\/wp-json\/wp\/v2\/types\/page"}],"author":[{"embeddable":true,"href":"https:\/\/micronauta.com\/DOLORS\/wp-json\/wp\/v2\/users\/1"}],"replies":[{"embeddable":true,"href":"https:\/\/micronauta.com\/DOLORS\/wp-json\/wp\/v2\/comments?post=1718"}],"version-history":[{"count":28,"href":"https:\/\/micronauta.com\/DOLORS\/wp-json\/wp\/v2\/pages\/1718\/revisions"}],"predecessor-version":[{"id":12061,"href":"https:\/\/micronauta.com\/DOLORS\/wp-json\/wp\/v2\/pages\/1718\/revisions\/12061"}],"wp:attachment":[{"href":"https:\/\/micronauta.com\/DOLORS\/wp-json\/wp\/v2\/media?parent=1718"}],"curies":[{"name":"wp","href":"https:\/\/api.w.org\/{rel}","templated":true}]}}