{"id":1750,"date":"2020-03-28T20:48:07","date_gmt":"2020-03-28T19:48:07","guid":{"rendered":"https:\/\/micronauta.com\/DOLORS\/?page_id=1750"},"modified":"2023-07-12T06:46:07","modified_gmt":"2023-07-12T04:46:07","slug":"creencia-2","status":"publish","type":"page","link":"https:\/\/micronauta.com\/DOLORS\/21-creencias-falsas\/creencia-2\/","title":{"rendered":"2a Creencia Falsa"},"content":{"rendered":"\n<h4 class=\"has-text-align-center has-vivid-red-color has-text-color\">Si piensas que tienes raz\u00f3n:\u00a1No bajes del burro!<\/h4>\n\n\n\n<p class=\"has-luminous-vivid-amber-background-color has-background has-medium-font-size\"><strong>       Si penses que tens ra\u00f3: No baixis del burro!<\/strong><\/p>\n\n\n\n<p><strong>\u201cNo hi ha res repartit de manera m\u00e9s equitativa que la ra\u00f3: tothom est\u00e0<br> conven\u00e7ut que en t\u00e9 suficient\u201d<br>                                                                                                        \u2013 Ren\u00e9 Descartes \u2013<\/strong><\/p>\n\n\n\n<p><strong>Qu\u00e8 ens va portar a creure en aquest error?<\/strong><br>Ens van educar perqu\u00e8 cregu\u00e9ssim que els \u201cgrans\u201d tenien ra\u00f3 i fins i tot ens la van imposar. Ens van dir que la seva opini\u00f3 era la m\u00e9s l\u00f2gica, la veritat. Naturalment, aix\u00f2 els obligava a defensar-la, ja que la veritat \u00e9s un valor molt gran. I est\u00e0vem desitjant cr\u00e9ixer i fer-nos grans per poder tenir ra\u00f3.<br>A m\u00e9s, com pod\u00edem no defensar la veritat si el fet de callar ens hauria convertit en c\u00f2mplices de l&#8217;error? Est\u00e0vem conven\u00e7uts que els nostres arguments tindrien el poder de canviar l&#8217;opini\u00f3 dels altres i vol\u00edem salvar-los del seu error. Ens van dir que l&#8217;important era que els altres entenguessin, aix\u00ed veurien la llum.<br>En aquestes circumst\u00e0ncies, qui, amb dos dits de front, abandonaria \u201cla veritat\u201d i baixaria del burro?<\/p>\n\n\n\n<p><strong>Creure en aix\u00f2 ens fa patir perqu\u00e8:<\/strong><br>Els pensaments de les altres persones poden coincidir amb els nostres o no, en aix\u00f2 no hi tenim cap influ\u00e8ncia. Si una persona no vol canviar d&#8217;opini\u00f3, no hi podem fer res. Mentre lluitem per tenir ra\u00f3, donem el poder als altres<br>i perdem la pau, ens desgastem in\u00fatilment. Si deixem que els altres marquin la nostra resposta, ells s\u00f3n, en el fons, qui decideixen la nostra conducta. Quan necessitem defensar la nostra ra\u00f3 d&#8217;una manera autom\u00e0tica, no som lliures, la nostra resposta la dicta l&#8217;exterior perqu\u00e8 saltem com una molla quan ens contradiuen.<br>Sovint, els altres no ens poden creure: literalment tenen una altra visi\u00f3 del m\u00f3n que els impedeix comprendre el que diem. Si hi insistim, la nostra ment es torna r\u00edgida, ens perdem l&#8217;oportunitat d&#8217;ampliar la nostra visi\u00f3 i la mateixa rigidesa es torna patiment.                                                           Finalment, acabem prioritzant la nostra ra\u00f3 en lloc de cuidar les altres persones. Moltes vegades, aix\u00f2 ens porta a espatllar les relacions. Si b\u00e9 a la primera creen\u00e7a vam dir que pensar en un mateix \u00e9s el m\u00e9s important, aix\u00f2 no implica que no haguem de respectar els altres, sense agredir-los, intentant imposar la nostra ra\u00f3.<br>Mentre pensem aix\u00ed, \u00e9s inevitable patir. <strong>Tota creen\u00e7a que no ens aporti pau interior i harmonia externa s&#8217;hauria de revisar.<\/strong><\/p>\n\n\n\n<p><strong>Quina informaci\u00f3 de saviesa pot substituir aquesta creen\u00e7a falsa?<\/strong><br>L&#8217;actitud de saviesa \u00e9s <strong>compartir la teva opini\u00f3 <\/strong>amb altres persones, sense obligar-les que hi estiguin d&#8217;acord, i desitja entendre el punt de vista dels altres. Quan dialoguem ens enriquim. Cada vegada que hi ha un conflicte et tornes m\u00e9s savi i amb m\u00e9s comprensi\u00f3 si intentes comprendre sense lluitar, si no t&#8217;entestes a tenir ra\u00f3.                                                                           D&#8217;aquesta manera, \u00e9s inevitable que la teva vida s&#8217;ompli de saviesa i d&#8217;amor. A m\u00e9s, quan <strong>respectes l&#8217;opini\u00f3 dels altres<\/strong>, generes relacions<br>harm\u00f2niques i desenvolupes valors com l&#8217;empatia, la flexibilitat mental i la conviv\u00e8ncia pac\u00edfica.<br>L&#8217;actitud de saviesa \u00e9s no creure que la teva opini\u00f3 \u00e9s la veritat, sin\u00f3 que \u00e9s nom\u00e9s la teva opini\u00f3. La veritat \u00e9s all\u00f2 que comprens quan renuncies a tenir ra\u00f3, \u00e9s la comprensi\u00f3 profunda del valor que existeix en tots els \u00e9ssers humans. Que alg\u00fa no accepti la teva opini\u00f3 o que hi estigui en contra, no vol dir pas que no t&#8217;accepti com a individu. <strong>Ets al marge de les teves idees<\/strong>.<br>Quan comprenguis alguna cosa, et sentir\u00e0s lliure i en pau. <strong>Mentre lluitis per les teves idees, continues sent esclau de la teva opini\u00f3.<\/strong> Renuncia a demostrar que tens ra\u00f3 i tamb\u00e9 a discutir. No lluitar per defensar all\u00f2 que creus que \u00e9s cert no t&#8217;impedeix comprendre el punt de vista dels altres.<br>En definitiva, si deixes d&#8217;imposar \u201cla teva ra\u00f3\u201d sortir\u00e0s guanyant en tots els sentits: guanyar\u00e0s pau interior, harmonia, comprensi\u00f3, flexibilitat mental, saviesa\u2026<br> <br><strong>Com pots verificar el que acabem de dir?<\/strong><br>Comprova com el teu cos es tensa i et sents pitjor quan intentes imposar la teva ra\u00f3. Observa com es relaxa i com et sents m\u00e9s b\u00e9 quan vols comprendre. Qu\u00e8 prefereixes?<br><strong>Verifica-ho.<\/strong><\/p>\n\n\n\n<p>Quan no entens les persones amb les quals et relaciones i intentes for\u00e7ar-les perqu\u00e8 pensin o vegin les coses com tu, la relaci\u00f3 es deteriora.            <strong>Verifica-ho.<\/strong><\/p>\n\n\n\n<p>Comprova que quan no escoltes els altres (el teu superior, els teus clients, els teus prove\u00efdors), els problemes no triguen gaire a apar\u00e8ixer. En canvi, si ets capa\u00e7 de comprendre&#8217;ls i ser-los \u00fatil, la porta de l&#8217;abund\u00e0ncia s&#8217;obre. <strong>Verifica-ho.<\/strong><\/p>\n\n\n\n<p><strong>Propostes d&#8217;entrenament<\/strong><\/p>\n\n\n\n<ol><li>Comprova que guanyes pau i milloren les teves relacions quan respectes l&#8217;opini\u00f3 de l&#8217;altra persona, sense for\u00e7ar-la a defensar-la. Practica-ho tant com puguis per incrementar la teva pau.<\/li><li>Quan alg\u00fa es posi nervi\u00f3s o s&#8217;enfadi amb tu per defensar la seva opini\u00f3, et proposem que utilitzis una comunicaci\u00f3 respectuosa i calmada, acompanyada d&#8217;un somriure.<\/li><li>Reprogramaci\u00f3 mental. Quan tinguis ganes d&#8217;imposar la teva ra\u00f3, repeteix-te: <strong><em>Mantenir la meva pau interior i les meves relacions harmonioses \u00e9s m\u00e9s important que tenir ra\u00f3.<\/em><\/strong><\/li><\/ol>\n\n\n\n<p class=\"has-luminous-vivid-orange-background-color has-background has-medium-font-size\"><strong>Recorda:<\/strong><br>           <strong>Renuncia a tenir ra\u00f3 i hi sortir\u00e0s guanyant<\/strong><\/p>\n\n\n\n<p>Aqu\u00ed tienes la <strong><a href=\"https:\/\/micronauta.com\/DOLORS\/21-creencias-falsas\/3a-creencia-falsa\/\">Tercera Falsa Creencia<\/a><\/strong> para cuando hayas experimentado y verificado \u00e9sta.<\/p>\n\n\n\n<p class=\"has-text-align-right\">Namast\u00e9&nbsp;\ud83d\ude42<\/p>\n ","protected":false},"excerpt":{"rendered":"<p>Si piensas que tienes raz\u00f3n:\u00a1No bajes del burro! Si penses que tens ra\u00f3: No baixis del burro! \u201cNo hi ha res repartit de manera m\u00e9s equitativa que la ra\u00f3: tothom est\u00e0 conven\u00e7ut que en t\u00e9 suficient\u201d \u2013 Ren\u00e9 Descartes \u2013&#8230;<\/p>\n","protected":false},"author":2,"featured_media":0,"parent":1718,"menu_order":2,"comment_status":"closed","ping_status":"closed","template":"","meta":[],"_links":{"self":[{"href":"https:\/\/micronauta.com\/DOLORS\/wp-json\/wp\/v2\/pages\/1750"}],"collection":[{"href":"https:\/\/micronauta.com\/DOLORS\/wp-json\/wp\/v2\/pages"}],"about":[{"href":"https:\/\/micronauta.com\/DOLORS\/wp-json\/wp\/v2\/types\/page"}],"author":[{"embeddable":true,"href":"https:\/\/micronauta.com\/DOLORS\/wp-json\/wp\/v2\/users\/2"}],"replies":[{"embeddable":true,"href":"https:\/\/micronauta.com\/DOLORS\/wp-json\/wp\/v2\/comments?post=1750"}],"version-history":[{"count":18,"href":"https:\/\/micronauta.com\/DOLORS\/wp-json\/wp\/v2\/pages\/1750\/revisions"}],"predecessor-version":[{"id":11955,"href":"https:\/\/micronauta.com\/DOLORS\/wp-json\/wp\/v2\/pages\/1750\/revisions\/11955"}],"up":[{"embeddable":true,"href":"https:\/\/micronauta.com\/DOLORS\/wp-json\/wp\/v2\/pages\/1718"}],"wp:attachment":[{"href":"https:\/\/micronauta.com\/DOLORS\/wp-json\/wp\/v2\/media?parent=1750"}],"curies":[{"name":"wp","href":"https:\/\/api.w.org\/{rel}","templated":true}]}}