{"id":2433,"date":"2020-04-28T08:30:07","date_gmt":"2020-04-28T06:30:07","guid":{"rendered":"https:\/\/micronauta.com\/DOLORS\/?page_id=2433"},"modified":"2023-07-12T06:45:39","modified_gmt":"2023-07-12T04:45:39","slug":"5a-creencia-falsa","status":"publish","type":"page","link":"https:\/\/micronauta.com\/DOLORS\/21-creencias-falsas\/5a-creencia-falsa\/","title":{"rendered":"5a Creencia Falsa"},"content":{"rendered":"\n<p class=\"has-text-align-center has-vivid-red-color has-text-color\" style=\"font-size:23px\"><strong>Tu me haces feliz<\/strong><\/p>\n\n\n\n<p class=\"has-text-align-center has-medium-font-size\"><strong>\u00abMi felicidad s\u00f3lo depende de mi\u00bb   <\/strong> <\/p>\n\n\n\n<p class=\"has-text-align-center has-luminous-vivid-amber-background-color has-background\" style=\"font-size:23px\"><strong>Tu em fas feli\u00e7      <\/strong>           <\/p>\n\n\n\n<p class=\"has-text-align-center\" style=\"font-size:17px\"><strong>\u201cLa meva felicitat nom\u00e9s dep\u00e8n de mi\u201d<\/strong><br>                                                              <strong>    \u2013 Gerardo Schmedling Torres \u2013<\/strong><\/p>\n\n\n\n<p><strong>Qu\u00e8 ens va portar a creure en aquest error?<\/strong><br>De petits ens van explicar molts contes sobre la creen\u00e7a que alguna cosa exterior ens faria feli\u00e7os: un pr\u00edncep, la vict\u00f2ria en una batalla, conquerir un regne, un palau, una joguina, un cotxe, guanyar un campionat de futbol, tenir parella\u2026<br>Amb el mite del pr\u00edncep blau, vam creure que \u00e9rem taronges incompletes i que necessit\u00e0vem trobar la nostra \u00e0nima bessona, alg\u00fa que ens fes realment feli\u00e7os i felices.<br>Ens van dir que la felicitat ens la donen els altres, per tant, ells tenen l&#8217;obligaci\u00f3 de donar-me el que vull. I, l\u00f2gicament, vam comprendre que era una desgr\u00e0cia viure sol o sola, sense parella i amb el malnom de \u201csolterons\u201d i \u201csolterones\u201d.<br>Vam comen\u00e7ar un cam\u00ed interminable per exigir als altres que ens donessin la felicitat, perqu\u00e8 ens fessin creure que nosaltres no pod\u00edem ser feli\u00e7os per nosaltres mateixos. I en aquesta l\u00ednia, esperem que l&#8217;exterior ens faci feli\u00e7os i felices: la parella, els amics, la feina, les coses materials, els diners\u2026<br><\/p>\n\n\n\n<p><strong>Creure en aix\u00f2 ens fa patir perqu\u00e8:<\/strong><br>Ens creem expectatives de l&#8217;exterior que s\u00f3n impossibles de complir, ja que no sempre coincideix el que nosaltres esperem de la vida amb el que rebem.<br>Per\u00f2, a causa d&#8217;aquestes expectatives, no deixem d&#8217;exigir, i fins i tot maltractem les persones amb la intenci\u00f3 d&#8217;aconseguir alguna cosa a la qual creiem que hi tenim dret. Les culpem si no ho obtenim.<br>Ens sentim persones insignificants, s\u00f3n els altres els que tenen quelcom valu\u00f3s: la clau de la felicitat. Ells s\u00ed que valen, nosaltres, no. Quan la persona en qui hem dipositat el poder de fer-nos feli\u00e7os no ho aconsegueix, ho interpretem com que \u201cno som suficient\u201d o \u201cno ens estimen prou\u201d.<br>El nostre estat d&#8217;\u00e0nim dependr\u00e0 sempre de l&#8217;altra persona, del que els altres facin o deixin de fer, del que diguin o deixin de dir. Continuarem patint perqu\u00e8 no gestionarem la nostra pr\u00f2pia vida i no serem capa\u00e7os de ser feli\u00e7os per nosaltres mateixos.<br>Mentre pensem aix\u00ed, \u00e9s inevitable patir. <strong>Tota creen\u00e7a que no ens aporti pau interior i harmonia externa s&#8217;hauria de revisar.<\/strong><\/p>\n\n\n\n<p><strong>Quina informaci\u00f3 de saviesa pot substituir  aquesta creen\u00e7a falsa?<\/strong><br>L&#8217;actitud de saviesa \u00e9s que tu et facis feli\u00e7 a tu mateix, a tu mateixa. No culpis a ning\u00fa perqu\u00e8 no et fa feli\u00e7, perqu\u00e8 <strong>ser feli\u00e7 nom\u00e9s dep\u00e8n de tu.<\/strong><br>Tu decideixes si ets feli\u00e7 o si pateixes davant d&#8217;una situaci\u00f3, persona o lloc. Prometre&#8217;t a tu mateix\/a con\u00e8ixer les eines de la felicitat \u00e9s una cosa que et portar\u00e0 a deixar de patir. En canvi, pretendre que la realitat s&#8217;adapti als teus desitjos ser\u00e0 errar.<br>No cedeixis el teu poder a ning\u00fa, tu ets responsable de la teva felicitat perqu\u00e8 <strong>nom\u00e9s tu ets responsable del que penses<\/strong>. Pren el comprom\u00eds de ser savi, de ser s\u00e0via, per arribar a ser feli\u00e7.<br>Potser no totes les experi\u00e8ncies de vida s\u00f3n igual de f\u00e0cils, per\u00f2 com no abracis la teva amb saviesa, els resultats que n&#8217;obtindr\u00e0s no seran satisfactoris. <strong>No vius la vida de l&#8217;altre, nom\u00e9s la teva i de tu dep\u00e8n com viure-la.<\/strong><\/p>\n\n\n\n<p><strong>Com pots verificar el que acabem de dir?<\/strong><br>A tu et fa feli\u00e7 que et portin l&#8217;esmorzar al llit, que et facin el dinar i el sopar, per\u00f2 la teva parella o els teus pares no ho fan. Comprova el que passa amb la teva salut si continues esperant cada dia que els altres et facin feli\u00e7 i, mentrestant, no menges res.                                                                          <strong>Verifica-ho.<\/strong><\/p>\n\n\n\n<p>Si treballes en una empresa que at\u00e9n el p\u00fablic i entra una persona cridant i exigint, tu decideixes si alterar-te i enfadar-te davant d&#8217;aquesta situaci\u00f3 o b\u00e9 continuar sent feli\u00e7.<br>Comprova que tu tens la capacitat d&#8217;escollir si identificar-te o no amb l&#8217;estat emocional de l&#8217;altra persona.                                                                          <strong>Verifica-ho.<\/strong><br><br>Un amic et convida a dinar a un restaurant, per\u00f2 arriba l&#8217;hora i no es presenta. Li truques per tel\u00e8fon i et diu que se n&#8217;havia oblidat, i que li \u00e9s impossible arribar perqu\u00e8 est\u00e0 molt lluny del lloc on hav\u00edeu quedat. Tens dues opcions:<br>\u2022 pots comprendre la situaci\u00f3 de l&#8217;altra persona i aprendre&#8217;n per evitar que es torni a produir,<br>\u2022 o pots patir, queixar-te, jutjar-lo, criticar-lo i omplir-te de malestar.<\/p>\n\n\n\n<p>Podr\u00e0s comprovar que optar per una cosa o una altra dep\u00e8n<br>de tu, no del que faci l&#8217;altre. Tu pots escollir qu\u00e8 fer amb<br>aquest temps lliure que t&#8217;acaba de sorgir inesperadament,<br>potser al costat hi ha una llibreria desconeguda que t&#8217;aporti<br>noves experi\u00e8ncies.                                                                                          <strong>Verifica-ho.<\/strong><\/p>\n\n\n\n<p><strong>Propostes d&#8217;entrenament<\/strong><\/p>\n\n\n\n<p>Parla&#8217;t, sent-te&#8217;t, pensa&#8217;t amb tendresa i comprova com resulta m\u00e9s f\u00e0cil mantenir la teva felicitat. Pren el comprom\u00eds de fer-ho. Quan et cridis i et maltractis a tu mateix\/a, fes callar la teva veu interior, nom\u00e9s tu ho pots fer. Pot ser que et costi, per\u00f2 t&#8217;estar\u00e0s entrenant i,<br>en algun moment, ho aconseguir\u00e0s.<\/p>\n\n\n\n<p>Quan alg\u00fa del teu entorn estigui trist, d\u00f3na-li suport, per\u00f2 no t&#8217;uneixis mai a la seva tristor. Comprovar\u00e0s que aix\u00ed ajudar\u00e0s m\u00e9s i que tu ets el responsable de mantenir la teva felicitat interior.<\/p>\n\n\n\n<p>Un exercici molt sa \u00e9s que et miris al mirall al mat\u00ed i et diguis: <strong>Jo s\u00f3c la persona m\u00e9s important de la meva vida i em comprometo a fer-me feli\u00e7.<\/strong><\/p>\n\n\n\n<p class=\"has-luminous-vivid-orange-background-color has-background has-medium-font-size\"><strong>Recorda:<\/strong><br>                          <strong>Nom\u00e9s jo em puc fer feli\u00e7<\/strong><\/p>\n\n\n\n<p>Aqu\u00ed tienes la <strong><a href=\"https:\/\/micronauta.com\/DOLORS\/21-creencias-falsas\/6a-creencia-falsa\/\">Sexta Falsa Creencia<\/a><\/strong> para cuando hayas experimentado \u00e9sta.<\/p>\n\n\n\n<p class=\"has-text-align-right\">Namast\u00e9&nbsp;\ud83d\ude42<\/p>\n ","protected":false},"excerpt":{"rendered":"<p>Tu me haces feliz \u00abMi felicidad s\u00f3lo depende de mi\u00bb Tu em fas feli\u00e7 \u201cLa meva felicitat nom\u00e9s dep\u00e8n de mi\u201d \u2013 Gerardo Schmedling Torres \u2013 Qu\u00e8 ens va portar a creure en aquest error?De petits ens van explicar molts&#8230;<\/p>\n","protected":false},"author":2,"featured_media":0,"parent":1718,"menu_order":0,"comment_status":"closed","ping_status":"closed","template":"","meta":[],"_links":{"self":[{"href":"https:\/\/micronauta.com\/DOLORS\/wp-json\/wp\/v2\/pages\/2433"}],"collection":[{"href":"https:\/\/micronauta.com\/DOLORS\/wp-json\/wp\/v2\/pages"}],"about":[{"href":"https:\/\/micronauta.com\/DOLORS\/wp-json\/wp\/v2\/types\/page"}],"author":[{"embeddable":true,"href":"https:\/\/micronauta.com\/DOLORS\/wp-json\/wp\/v2\/users\/2"}],"replies":[{"embeddable":true,"href":"https:\/\/micronauta.com\/DOLORS\/wp-json\/wp\/v2\/comments?post=2433"}],"version-history":[{"count":8,"href":"https:\/\/micronauta.com\/DOLORS\/wp-json\/wp\/v2\/pages\/2433\/revisions"}],"predecessor-version":[{"id":11958,"href":"https:\/\/micronauta.com\/DOLORS\/wp-json\/wp\/v2\/pages\/2433\/revisions\/11958"}],"up":[{"embeddable":true,"href":"https:\/\/micronauta.com\/DOLORS\/wp-json\/wp\/v2\/pages\/1718"}],"wp:attachment":[{"href":"https:\/\/micronauta.com\/DOLORS\/wp-json\/wp\/v2\/media?parent=2433"}],"curies":[{"name":"wp","href":"https:\/\/api.w.org\/{rel}","templated":true}]}}