{"id":2881,"date":"2020-06-01T11:24:48","date_gmt":"2020-06-01T09:24:48","guid":{"rendered":"https:\/\/micronauta.com\/DOLORS\/?page_id=2881"},"modified":"2023-07-12T06:45:47","modified_gmt":"2023-07-12T04:45:47","slug":"6a-creencia-falsa","status":"publish","type":"page","link":"https:\/\/micronauta.com\/DOLORS\/21-creencias-falsas\/6a-creencia-falsa\/","title":{"rendered":"6a Creencia Falsa"},"content":{"rendered":"\n<p style=\"font-size:26px\"><strong>\u00bfYa has integrado la 5a?<\/strong><\/p>\n\n\n\n<p><\/p>\n\n\n\n<p><\/p>\n\n\n\n<p><\/p>\n\n\n\n<p>Aqu\u00ed tienes la <strong>S\u00e9ptima Falsa Creencia<\/strong> para cuando hayas experimentado y verificado \u00e9sta.<\/p>\n\n\n\n<p class=\"has-text-align-right\">Namast\u00e9&nbsp;\ud83d\ude42<\/p>\n ","protected":false},"excerpt":{"rendered":"<p>\u00bfYa has integrado la 5a? Aqu\u00ed tienes la S\u00e9ptima Falsa Creencia para cuando hayas experimentado y verificado \u00e9sta. Namast\u00e9&nbsp;\ud83d\ude42<\/p>\n","protected":false},"author":2,"featured_media":0,"parent":1718,"menu_order":0,"comment_status":"closed","ping_status":"closed","template":"","meta":[],"_links":{"self":[{"href":"https:\/\/micronauta.com\/DOLORS\/wp-json\/wp\/v2\/pages\/2881"}],"collection":[{"href":"https:\/\/micronauta.com\/DOLORS\/wp-json\/wp\/v2\/pages"}],"about":[{"href":"https:\/\/micronauta.com\/DOLORS\/wp-json\/wp\/v2\/types\/page"}],"author":[{"embeddable":true,"href":"https:\/\/micronauta.com\/DOLORS\/wp-json\/wp\/v2\/users\/2"}],"replies":[{"embeddable":true,"href":"https:\/\/micronauta.com\/DOLORS\/wp-json\/wp\/v2\/comments?post=2881"}],"version-history":[{"count":8,"href":"https:\/\/micronauta.com\/DOLORS\/wp-json\/wp\/v2\/pages\/2881\/revisions"}],"predecessor-version":[{"id":11959,"href":"https:\/\/micronauta.com\/DOLORS\/wp-json\/wp\/v2\/pages\/2881\/revisions\/11959"}],"up":[{"embeddable":true,"href":"https:\/\/micronauta.com\/DOLORS\/wp-json\/wp\/v2\/pages\/1718"}],"wp:attachment":[{"href":"https:\/\/micronauta.com\/DOLORS\/wp-json\/wp\/v2\/media?parent=2881"}],"curies":[{"name":"wp","href":"https:\/\/api.w.org\/{rel}","templated":true}]}}