{"id":381,"date":"2019-09-11T16:05:35","date_gmt":"2019-09-11T14:05:35","guid":{"rendered":"https:\/\/micronauta.com\/DOLORS\/?page_id=381"},"modified":"2021-07-26T05:56:04","modified_gmt":"2021-07-26T03:56:04","slug":"musica","status":"publish","type":"page","link":"https:\/\/micronauta.com\/DOLORS\/musica\/","title":{"rendered":"M\u00fasica"},"content":{"rendered":"\n<p>Relaci\u00f3n de m\u00fasica que m\u00e1s escucho. La m\u00fasica ayuda en la atenci\u00f3n a la concentraci\u00f3n y a la relajaci\u00f3n:<\/p>\n\n\n\n<p><a href=\"https:\/\/youtu.be\/kOw89VRAnJU\"><strong>Already home, already free<\/strong><\/a><\/p>\n\n\n\n<p><strong><a href=\"https:\/\/youtu.be\/KAMMfzFnk44\">If I Could Give You Anything<\/a><\/strong> ~ Kirtana<\/p>\n\n\n\n<p><a href=\"https:\/\/youtu.be\/c-LB_kINaDQ\">Healing the Nature<\/a> (video)<\/p>\n\n\n\n<p>Peter Kater: <a href=\"https:\/\/youtu.be\/TnQ2EC_wYmk\"><strong>Elements series Etheria<\/strong><\/a><\/p>\n\n\n\n<p><a href=\"https:\/\/youtu.be\/jbZjnSLcqGw\">La m\u00fasica es la m\u00e1s sublime de las artes, es la m\u00e1s profunda y espiritual. . . <\/a> (video)<\/p>\n\n\n\n<figure class=\"wp-block-embed-youtube wp-block-embed is-type-video is-provider-youtube wp-embed-aspect-16-9 wp-has-aspect-ratio\"><div class=\"wp-block-embed__wrapper\">\n<iframe title=\"Sat Peter Singh - Himalaya\" width=\"640\" height=\"360\" src=\"https:\/\/www.youtube.com\/embed\/DTfacH6zDNA?feature=oembed\" frameborder=\"0\" allow=\"accelerometer; autoplay; clipboard-write; encrypted-media; gyroscope; picture-in-picture\" allowfullscreen><\/iframe>\n<\/div><figcaption><strong> &#8211; Himalaya<\/strong> <strong>by <\/strong> <strong>Sat Peter Singh<\/strong> <\/figcaption><\/figure>\n\n\n\n<figure class=\"wp-block-embed-youtube wp-block-embed is-type-video is-provider-youtube wp-embed-aspect-16-9 wp-has-aspect-ratio\"><div class=\"wp-block-embed__wrapper\">\n<iframe title=\"Mantra  &#039;Be Still&#039; 432 Hz ~Terry Oldfield &amp; Mike Oldfield\" width=\"640\" height=\"360\" src=\"https:\/\/www.youtube.com\/embed\/B13p2ob4Vj0?feature=oembed\" frameborder=\"0\" allow=\"accelerometer; autoplay; clipboard-write; encrypted-media; gyroscope; picture-in-picture\" allowfullscreen><\/iframe>\n<\/div><figcaption><strong>Mantra \u00abBe Still\u00bb by Terry Oldfield &amp; Mike Oldfield<\/strong><\/figcaption><\/figure>\n\n\n\n<figure class=\"wp-block-embed-youtube wp-block-embed is-type-video is-provider-youtube wp-embed-aspect-16-9 wp-has-aspect-ratio wp-embed-aspect-4-3\"><div class=\"wp-block-embed__wrapper\">\n<iframe title=\"Circle of Light\" width=\"640\" height=\"480\" src=\"https:\/\/www.youtube.com\/embed\/8W8d5W90e8c?feature=oembed\" frameborder=\"0\" allow=\"accelerometer; autoplay; clipboard-write; encrypted-media; gyroscope; picture-in-picture\" allowfullscreen><\/iframe>\n<\/div><figcaption><strong>Circle of Light<\/strong><\/figcaption><\/figure>\n\n\n\n<figure class=\"wp-block-embed-youtube wp-block-embed is-type-video is-provider-youtube wp-embed-aspect-4-3 wp-has-aspect-ratio\"><div class=\"wp-block-embed__wrapper\">\n<iframe title=\"Fairy Ring - Singh Kaur &amp; Gary Stadler\" width=\"640\" height=\"480\" src=\"https:\/\/www.youtube.com\/embed\/2Yk_kfLbvUM?feature=oembed\" frameborder=\"0\" allow=\"accelerometer; autoplay; clipboard-write; encrypted-media; gyroscope; picture-in-picture\" allowfullscreen><\/iframe>\n<\/div><figcaption><strong>Fairy Ring by Kaur &amp; Gary Stadler<\/strong><\/figcaption><\/figure>\n\n\n\n<figure class=\"wp-block-embed-youtube wp-block-embed is-type-video is-provider-youtube wp-embed-aspect-16-9 wp-has-aspect-ratio\"><div class=\"wp-block-embed__wrapper\">\n<iframe title=\"Triple Mantra by Nirinjan Kaur\" width=\"640\" height=\"360\" src=\"https:\/\/www.youtube.com\/embed\/Tc25VygRoVs?feature=oembed\" frameborder=\"0\" allow=\"accelerometer; autoplay; clipboard-write; encrypted-media; gyroscope; picture-in-picture\" allowfullscreen><\/iframe>\n<\/div><figcaption><strong>Triple Mantra by Nirinjan Kaur<\/strong><\/figcaption><\/figure>\n\n\n\n<figure class=\"wp-block-embed-youtube wp-block-embed is-type-video is-provider-youtube wp-embed-aspect-16-9 wp-has-aspect-ratio\"><div class=\"wp-block-embed__wrapper\">\n<iframe title=\"Deva premal - embrace \u64c1\u62b1 - Teyata \u795e\u5999\u85e5\u5e2b\u4f5b\" width=\"640\" height=\"360\" src=\"https:\/\/www.youtube.com\/embed\/4IRXcliqWjo?feature=oembed\" frameborder=\"0\" allow=\"accelerometer; autoplay; clipboard-write; encrypted-media; gyroscope; picture-in-picture\" allowfullscreen><\/iframe>\n<\/div><figcaption><strong> \u00abEmbrace\u00bb  by Deva Premal &#8211; <\/strong><\/figcaption><\/figure>\n\n\n\n<figure class=\"wp-block-embed-youtube wp-block-embed is-type-video is-provider-youtube wp-embed-aspect-16-9 wp-has-aspect-ratio\"><div class=\"wp-block-embed__wrapper\">\n<iframe title=\"M\u00daSICA PARA EL ALMA. (Snatam Kaur)\" width=\"640\" height=\"360\" src=\"https:\/\/www.youtube.com\/embed\/ZtADcQVNF4U?feature=oembed\" frameborder=\"0\" allow=\"accelerometer; autoplay; clipboard-write; encrypted-media; gyroscope; picture-in-picture\" allowfullscreen><\/iframe>\n<\/div><figcaption><strong>M\u00daSICA PARA EL ALMA by Snatam Kaur<\/strong><\/figcaption><\/figure>\n\n\n\n<figure class=\"wp-block-embed-youtube wp-block-embed is-type-video is-provider-youtube wp-embed-aspect-16-9 wp-has-aspect-ratio\"><div class=\"wp-block-embed__wrapper\">\n<iframe title=\"Deva Premal - Moola Mantra (38 min)\" width=\"640\" height=\"360\" src=\"https:\/\/www.youtube.com\/embed\/KLsiWN5b-hQ?feature=oembed\" frameborder=\"0\" allow=\"accelerometer; autoplay; clipboard-write; encrypted-media; gyroscope; picture-in-picture\" allowfullscreen><\/iframe>\n<\/div><figcaption><strong>Moola Mantra &#8216;-))<\/strong> <strong>by  Deva Premal <\/strong><\/figcaption><\/figure>\n\n\n\n<ul><li><strong>. . . \/ . . .<\/strong><\/li><li><strong><a href=\"https:\/\/micronauta.com\/DOLORS\/2020\/06\/19\/mantras-kundalini-playlist\/\">Playlist Mantras Kundalini<\/a><\/strong><\/li><li><strong><a href=\"https:\/\/youtu.be\/LkJXYzSyUWY\">Yoga Music Instrumental world<\/a><\/strong>:&nbsp;<strong>Embrace the Moment<\/strong><\/li><li><strong><a href=\"https:\/\/youtu.be\/alOQ_zVvbss\">Notas celtas para meditaci\u00f3n y relajaci\u00f3n<\/a><\/strong><\/li><li><strong><a href=\"https:\/\/youtu.be\/0D4V5awe-PA\">Tibetan Monks Chanting Om for Deep Meditation and Spiritual Awakening<\/a><\/strong><\/li><li><strong><a href=\"https:\/\/youtu.be\/go99WqXWGgk\">Frecuencia 528Hz para vibrar alto y renovar energ\u00edas<\/a><\/strong><\/li><li><strong><a href=\"https:\/\/youtu.be\/HFBomBJxo9c\">Prayer &amp; Meditation<\/a>&nbsp;40\u2032<\/strong> ok<\/li><li><a href=\"https:\/\/youtu.be\/cvBNqxlXmtM\"><strong>Flauta bansuri india y cuencos tibetanos<\/strong><\/a><\/li><li><strong><a href=\"https:\/\/youtu.be\/B-zCGb0RBLQ\">Flauta china \u00abdizi\u00bb y piano<\/a><\/strong> ok<\/li><li><strong><a href=\"https:\/\/youtu.be\/dOXWvL8T_y4\">Musica china: flauta<\/a><\/strong> ok<\/li><\/ul>\n\n\n\n<ul><li><strong><a href=\"https:\/\/youtu.be\/vdHFElyjOAc\">Sabias Palabras de Thich Nhat Hanh y Mantra de Avalokitesvara<\/a><\/strong><\/li><li><a href=\"https:\/\/youtu.be\/VrxhkiCcccw\"><strong>Masaje de Sonidos con un<\/strong>&nbsp;<\/a><strong><a href=\"https:\/\/youtu.be\/VrxhkiCcccw\">Concierto de Cuencos<\/a><\/strong>&nbsp;en directo<\/li><li><strong><a href=\"https:\/\/youtu.be\/mrFMk8wzdl0\">Cuencos tibetanos<\/a><\/strong><\/li><li><strong><a href=\"https:\/\/youtu.be\/aCBgCgrJneQ\">Song of birds and the flow of the river&nbsp;<\/a><\/strong>OK<\/li><li><strong><a href=\"https:\/\/youtu.be\/LkJXYzSyUWY\">Yoga Music Instrumental world: Embrace the moment<\/a><\/strong>&nbsp;OK<\/li><li><a href=\"https:\/\/youtu.be\/32H-wbU-HrM\"><strong>M\u00fasica para sanar cuerpo, alma y esp\u00edritu<\/strong><\/a>&nbsp;432 mhz<\/li><li><a href=\"https:\/\/youtu.be\/hYDCBKGIW_g\"><strong>M\u00fasica para Conectar con la Abundancia 888 Hz<\/strong><\/a><\/li><\/ul>\n\n\n\n<ul><li><a href=\"https:\/\/youtu.be\/1MVKeRvJRVw\"><strong>Reiki Vol 3 Ajad 1h<\/strong><\/a><\/li><li><strong><a href=\"https:\/\/youtu.be\/_ADrUiQ5IBc\">Musica REIKI con ? cada 3\u2032 con Cuencos Tibetanos<\/a><\/strong><\/li><\/ul>\n\n\n\n<ul><li><strong><a href=\"https:\/\/youtu.be\/ENctigueiFQ\">Musica para vibrar con el Universo 432Hz<\/a><\/strong><\/li><li><strong><a href=\"https:\/\/youtu.be\/0D4V5awe-PA\">Tibetan Monks Chanting Om for Deep Meditation<\/a><\/strong>&nbsp;OK<\/li><li><strong><a href=\"https:\/\/youtu.be\/go99WqXWGgk\">Frecuencia 528Hz para vibrar alto<\/a><\/strong>&nbsp;OK<\/li><li><strong><a href=\"https:\/\/youtu.be\/cvBNqxlXmtM\">Flauta bansuri india y cuencos tibetanos<\/a><\/strong>&nbsp;OK<\/li><li><strong><a href=\"https:\/\/youtu.be\/B-zCGb0RBLQ\">M\u00fasica instrumental china con \u00abdizi\u00bb<\/a><\/strong>&nbsp;OK<\/li><li><strong><a href=\"https:\/\/youtu.be\/dOXWvL8T_y4\">Musica china: flauta<\/a><\/strong>&nbsp;Ok<\/li><\/ul>\n ","protected":false},"excerpt":{"rendered":"<p>Relaci\u00f3n de m\u00fasica que m\u00e1s escucho. La m\u00fasica ayuda en la atenci\u00f3n a la concentraci\u00f3n y a la relajaci\u00f3n: Already home, already free If I Could Give You Anything ~ Kirtana Healing the Nature (video) Peter Kater: Elements series Etheria&#8230;<\/p>\n","protected":false},"author":1,"featured_media":0,"parent":0,"menu_order":0,"comment_status":"closed","ping_status":"closed","template":"","meta":[],"_links":{"self":[{"href":"https:\/\/micronauta.com\/DOLORS\/wp-json\/wp\/v2\/pages\/381"}],"collection":[{"href":"https:\/\/micronauta.com\/DOLORS\/wp-json\/wp\/v2\/pages"}],"about":[{"href":"https:\/\/micronauta.com\/DOLORS\/wp-json\/wp\/v2\/types\/page"}],"author":[{"embeddable":true,"href":"https:\/\/micronauta.com\/DOLORS\/wp-json\/wp\/v2\/users\/1"}],"replies":[{"embeddable":true,"href":"https:\/\/micronauta.com\/DOLORS\/wp-json\/wp\/v2\/comments?post=381"}],"version-history":[{"count":24,"href":"https:\/\/micronauta.com\/DOLORS\/wp-json\/wp\/v2\/pages\/381\/revisions"}],"predecessor-version":[{"id":6792,"href":"https:\/\/micronauta.com\/DOLORS\/wp-json\/wp\/v2\/pages\/381\/revisions\/6792"}],"wp:attachment":[{"href":"https:\/\/micronauta.com\/DOLORS\/wp-json\/wp\/v2\/media?parent=381"}],"curies":[{"name":"wp","href":"https:\/\/api.w.org\/{rel}","templated":true}]}}