{"id":2,"date":"2019-10-14T10:12:49","date_gmt":"2019-10-14T08:12:49","guid":{"rendered":"http:\/\/micronauta.com\/autodidactas\/?page_id=2"},"modified":"2022-01-27T11:01:59","modified_gmt":"2022-01-27T10:01:59","slug":"pagina-ejemplo","status":"publish","type":"page","link":"https:\/\/micronauta.com\/autodidactas\/pagina-ejemplo\/","title":{"rendered":"\u00bfAutodidacta 3.0?"},"content":{"rendered":"\n<p>Autodidacta es una palabra compuesta formada por AUTO = por uno mismo, DIDACTA = ense\u00f1anza.  <\/p>\n\n\n\n<p>3.0 se refiere a la actitud participativa en la RED como fuente de conocimiento.<\/p>\n\n\n\n<p>Como todo en la vida , ser autodidacta tiene sus ventajas e inconvenientes:<\/p>\n\n\n\n<p>Entre las principales VENTAJAS: <\/p>\n\n\n\n<ul><li>Aprendizaje r\u00e1pido gracias a la mayor motivaci\u00f3n que lo impulsa.<\/li><li>Sin prisas , la iniciativa es propia por tanto hay gran flexibilidad, sin ex\u00e1menes , sin presi\u00f3n, cuando te apetece.El avance es el que t\u00fa mismo te propones.<\/li><li>Puedes profundizar en los detalles que m\u00e1s te interesan , no es posible abarcarlo todo , por tanto te puedes centrar en lo que te hace falta.<\/li><li>Mejora tu confianza, al poner esfuerzo, sacrificio y organizaci\u00f3n en un objetivo que te propusiste y que puedes conseguir. Imaginate que te gusta oir m\u00fasica de guitarra y que un dia te propones ser t\u00fa mismo qui\u00e9n extraiga sonidos combinados de tu propia guitarra , y sobre todo puedas entender parte de la magia de la m\u00fasica. Te aseguro que resulta muy entretenido y gratificante. <\/li><li>Es muy barato , solo necesitas una conexi\u00f3n a a la red desde tu ordenador o desde tu tel\u00e9fono m\u00f3vil.<\/li><li>LO M\u00c1S IMPORTANTE SIEMPRE ES QUE DISFRUTES O TE DIVIERTAS CON LO QUE HACES, HAZLO PARA Y POR  TI MISMO.  <\/li><\/ul>\n\n\n\n<p>Entre los principales INCONVENIENTES: <\/p>\n\n\n\n<ul><li>Gesti\u00f3n de tu tiempo, si no eres capaz de encontrar un rato para ponerte a hacer aquello que te gusta entonces ser autodidacta te generar\u00e1 m\u00e1s frustraciones que satisfacciones.<\/li><li>Mantener la curiosidad activa para mantener la iniciativa y mantener la constancia. Si no eres capaz de mantener cierta concentraci\u00f3n te resultar\u00e1 dif\u00edcil autoaprender de forma eficaz.<\/li><li>Caer en el conformismo y desistir al primer obst\u00e1culo , tocar la guitarra, por ejemplo requerir\u00e1 practicas y repeticiones hasta alcanzar cierta habilidad, as\u00ed como el propio instrumento requerir\u00e1 que conozcas como afinarlo , etc..<\/li><li>Marcarse metas irreales , no ayudan a mantener la concentraci\u00f3n ni la autodisciplina.<\/li><li>Esta metodologia de autoaprendizaje no sirve para todos los conocimientos, sobre todo aquellos muy complejos que necesitan de una figura docente para no perdernos en esfuerzos improductivos.<\/li><\/ul>\n\n\n\n<p>As\u00ed pues , sin menosprecio de la formaci\u00f3n presencial , la cual tambien utilizo si concurren las condiciones de lugar, tiempo y recursos, he optado por la autoexploraci\u00f3n en la RED en materias que me interesan, tales como la m\u00fasica (guitarra y piano) , fotograf\u00eda , informatica , etc.<\/p>\n\n\n\n<p>Este proyecto de  sitio personal me permite ordenar y colocar en un mismo lugar la gran cantidad de informaci\u00f3n que he ido acumulando durante a\u00f1os y que seguro ir\u00e9 ampliando, revisando y mejorando. Si compartes alguna de mis mismas aficiones  igual alg\u00fan enlace puede resultarte \u00fatil y sobre todo si conoces alguno que seg\u00fan tu criterio te ha ayudado , agredecer\u00eda tu comentario y con tu permiso lo incluir\u00eda en la relaci\u00f3n. <\/p>\n\n\n\n<p>Esta misma web ha sido creada gracias al conocimiento adquirido de forma autodidacta , visitando sitios que otras personas generosamente han puesto a disposici\u00f3n en la RED , valga mi reconocimiento por todos ellos en forma de hacer referencia  al origen  de lo   que ponga aqu\u00ed.<\/p>\n\n\n\n<p>Vuelvo a insistir que lo m\u00e1s importante para cualquier autodidacta es saber aprovechar  el tiempo , as\u00ed que basta ya de presentaciones y vamos a lo que nos interesa y hacer que nos lo pasemos bien siendo creativos y dando rienda suelta a nuestra imaginaci\u00f3n. Por ejemplo ,tocar la guitarra con lo \u00faltimo que estamos aprendiendo  ,luego salir a hacer unas fotos con mayor conocimiento t\u00e9cnico de nuestra c\u00e1mara o de los secretos del color y  composici\u00f3n para luego retocarla en casa con un software que mejora el resultado o bien catalogar con una base de datos y archivar en un NAS que nosotros mismos hemos configurado en nuestra propia red domestica .Se me ocurren tantas cosas que ,ahora, tal vez entiendas para que me sirve este espacio que  estas  viendo y al cual te invito a pr\u00f3ximas visitas .<\/p>\n\n\n\n<p>Nos vemos.<\/p>\n\n\n\n<p><\/p>\n","protected":false},"excerpt":{"rendered":"<p>Autodidacta es una palabra compuesta formada por AUTO = por uno mismo, DIDACTA = ense\u00f1anza. 3.0 se refiere a la actitud participativa en la RED como fuente de conocimiento. Como todo en la vida , ser autodidacta tiene sus ventajas&#8230;<\/p>\n","protected":false},"author":1,"featured_media":0,"parent":0,"menu_order":0,"comment_status":"open","ping_status":"open","template":"","meta":[],"_links":{"self":[{"href":"https:\/\/micronauta.com\/autodidactas\/wp-json\/wp\/v2\/pages\/2"}],"collection":[{"href":"https:\/\/micronauta.com\/autodidactas\/wp-json\/wp\/v2\/pages"}],"about":[{"href":"https:\/\/micronauta.com\/autodidactas\/wp-json\/wp\/v2\/types\/page"}],"author":[{"embeddable":true,"href":"https:\/\/micronauta.com\/autodidactas\/wp-json\/wp\/v2\/users\/1"}],"replies":[{"embeddable":true,"href":"https:\/\/micronauta.com\/autodidactas\/wp-json\/wp\/v2\/comments?post=2"}],"version-history":[{"count":12,"href":"https:\/\/micronauta.com\/autodidactas\/wp-json\/wp\/v2\/pages\/2\/revisions"}],"predecessor-version":[{"id":557,"href":"https:\/\/micronauta.com\/autodidactas\/wp-json\/wp\/v2\/pages\/2\/revisions\/557"}],"wp:attachment":[{"href":"https:\/\/micronauta.com\/autodidactas\/wp-json\/wp\/v2\/media?parent=2"}],"curies":[{"name":"wp","href":"https:\/\/api.w.org\/{rel}","templated":true}]}}