{"id":222,"date":"2019-11-08T17:25:38","date_gmt":"2019-11-08T16:25:38","guid":{"rendered":"https:\/\/micronauta.com\/autodidactas\/?page_id=222"},"modified":"2020-08-09T22:21:26","modified_gmt":"2020-08-09T20:21:26","slug":"partituras-descargas","status":"publish","type":"page","link":"https:\/\/micronauta.com\/autodidactas\/partituras-descargas\/","title":{"rendered":"Partituras\/Cancioneros"},"content":{"rendered":"\n<p class=\"has-text-align-left\">Zona de descarga de partituras musicales y otros recursos para el aprendizaje. Todo este material est\u00e1 repartido por la RED esto es una peque\u00f1a muestra para tu uso autodidacta.<\/p>\n\n\n\n<p>REALBOOK , es una serie de recopilatorio de partituras muy utilizadas por los m\u00fasicos profesionales.Encontrar\u00e1s temas realmente interesantes.Hay much\u00edsimos lugares en la red donde descargarlos y me he limitado ha recoger aquellos m\u00e1s significativos para uso particular autodidacta.<\/p>\n\n\n\n<p>El&nbsp;<em><strong>Real Book<\/strong><\/em>&nbsp;es una recopilaci\u00f3n de&nbsp;<a href=\"https:\/\/es.wikipedia.org\/wiki\/Partituras\">partituras<\/a>&nbsp;de&nbsp;<a href=\"https:\/\/es.wikipedia.org\/wiki\/Est%C3%A1ndar_del_jazz\">est\u00e1ndares de jazz<\/a>&nbsp;hecha por los estudiantes del&nbsp;<a href=\"https:\/\/es.wikipedia.org\/wiki\/Berklee_College_of_Music\">Berklee College of Music<\/a>&nbsp;durante la&nbsp;<a href=\"https:\/\/es.wikipedia.org\/wiki\/D%C3%A9cada_de_1970\">d\u00e9cada de 1970<\/a>. Desde su primera e ilegal edici\u00f3n han ido apareciendo m\u00e1s en las que se han ido a\u00f1adiendo nuevos temas. Actualmente est\u00e1 considerado como uno de los principales veh\u00edculos de transmisi\u00f3n del jazz y como un libro indispensable para cualquier estudiante o m\u00fasico de jazz.<\/p>\n\n\n\n<p>Es muy interesante visitar las partituras y poderlas escuchar en Spotify <\/p>\n\n\n\n<h2>REALBOOK<\/h2>\n\n\n\n<ol><li><a href=\"https:\/\/micronauta.com\/archivos\/realbook vol 1.pdf\">Realbook volumen <\/a>&#8212;&#8211; <a href=\"https:\/\/open.spotify.com\/user\/brattlab\/playlist\/0jEj7TaZadtl1EDAGo9xER?si=iYfCEtTtTNaT2jb2IthtgQ\">(fifth edition)  escuchar lista en Spotify <\/a><\/li><li><a href=\"https:\/\/micronauta.com\/archivos\/the real book of blues.pdf\">The Real Book of BLUES<\/a><\/li><li><a href=\"https:\/\/micronauta.com\/archivos\/the realbook 3.pdf\">The New Real Book volume 3<\/a><\/li><li><a href=\"https:\/\/micronauta.com\/archivos\/jazz limited missed.pdf\">JAZZ LTD over 500 tunes The Real Books Missed<\/a><\/li><li><a href=\"https:\/\/micronauta.com\/archivos\/the realbook 3.pdf\">The Other Book -All New-<\/a><\/li><li><a href=\"https:\/\/micronauta.com\/archivos\/the standards real book partition realbook.pdf\">The Standards Real Book a collection of some the greatest songs of the 20th Century<\/a><\/li><li><a href=\"https:\/\/micronauta.com\/archivos\/therealbook new 2.pdf\">The new real book volume Two C-Vocal Version<\/a><\/li><li><a href=\"https:\/\/micronauta.com\/archivos\/blues piano.pdf\">Piano Blues<\/a><\/li><li><a href=\"https:\/\/micronauta.com\/archivos\/Titanic.pdf\">Titanic<\/a><\/li><li><a rel=\"noreferrer noopener\" href=\"https:\/\/www.swiss-jazz.ch\/partitions-real-book.htm\" target=\"_blank\">TODOS LOS REAL BOOK EN DIFERENTES TONOS Y por temas<\/a><\/li><li><a href=\"https:\/\/www.partoch.com\/tablature\/traditionnel,bella-ciao,3071711\" target=\"_blank\" rel=\"noreferrer noopener\">Tablaturas de muchas canciones EN FRANCES<\/a><\/li><\/ol>\n\n\n\n<hr class=\"wp-block-separator\"\/>\n\n\n\n<h2>Manuales sobre guitarra<\/h2>\n\n\n\n<ul><li><a href=\"https:\/\/micronauta.com\/autodidactas\/guitarra\/\">Guitarra<\/a>: Libro sobre la guitarra<\/li><li><a href=\"https:\/\/micronauta.com\/archivos\/manualdeguitarra.pdf\">Manual de guitarra<\/a><\/li><\/ul>\n\n\n\n<h2>Blues<\/h2>\n\n\n\n<ul><li><a href=\"https:\/\/micronauta.com\/archivos\/escalas_blues.pdf\">Escalas BLUES<\/a><\/li><li><a href=\"https:\/\/micronauta.com\/archivos\/Creacion_de_un_Blues_Trabajo_Matura_Thomas_Reisenegger_Butron_edit.pdf\">Creaci\u00f3n de un BLUES<\/a><\/li><\/ul>\n\n\n\n<h2>Cancioneros para tocar la guitarra:<\/h2>\n\n\n\n<ul><li><a href=\"https:\/\/micronauta.com\/archivos\/Cancionero.pdf\">Cancionero m\u00faltiples estilos<\/a> (257 canciones)<\/li><li><a href=\"https:\/\/micronauta.com\/archivos\/Villancicos.pdf\">Villancicos en guitarra<\/a><\/li><li><a href=\"https:\/\/micronauta.com\/archivos\/Libro Villancicos Guitarra PDF 2017.pdf\">Otro cancionero de villancicos con guitarra<\/a><\/li><li><a href=\"https:\/\/micronauta.com\/archivos\/Villancicos-en-guitarra-pdf.pdf\">M\u00e1s villancicos con pentagramas de Guitarra sin limites<\/a><\/li><li><a href=\"http:\/\/micronauta.com\/archivos\/boleros.pdf\">Boleros<\/a><\/li><li><a href=\"https:\/\/micronauta.com\/archivos\/cancionero-club-ukelele-valencia-1a-edicic3b3n.pdf\">Cancionero para tocar UKELELE<\/a><\/li><\/ul>\n\n\n\n<h2>Cancioneros de la TUNA<\/h2>\n\n\n\n<ol><li><a href=\"https:\/\/micronauta.com\/archivos\/Cancionero%20Tuna%20bueno.pdf\">Cancionero de TUNA <\/a> (sin duda el mejor que puedes encontrar)<\/li><li><a href=\"https:\/\/micronauta.com\/archivos\/Tuna.pdf\">Cancionero de la Tuna<\/a><\/li><li><a href=\"https:\/\/micronauta.com\/archivos\/Tuna.pdf\">Otro C<\/a><a href=\"https:\/\/micronauta.com\/archivos\/cancionero_tuna.pdf\">ancionero de la Tuna<\/a><\/li><\/ol>\n\n\n\n<h2>Acordes y Recursos de guitarra<\/h2>\n\n\n\n<ol><li><a href=\"https:\/\/micronauta.com\/archivos\/120acordes.pdf\">Acordes de guitarra<\/a><\/li><li><a href=\"https:\/\/micronauta.com\/archivos\/acorde guitarra.pdf\">Libro practico de acordes de guitarra<\/a> <\/li><li><a href=\"https:\/\/micronauta.com\/archivos\/Articulos.pdf\">Art\u00edculos y enlaces a temas de guitarra<\/a><\/li><li><a href=\"https:\/\/lacuerda.net\/Recursos\/\">Recursos guitarra<\/a><\/li><li><a href=\"https:\/\/micronauta.com\/archivos\/rutinas-diarias-para-guitarristas-electricos.pdf\">Practicas diarias del guitarrista<\/a><\/li><\/ol>\n\n\n\n<h2>Teoria musical<\/h2>\n\n\n\n<ol><li><a href=\"https:\/\/lacuerda.net\/Recursos\/teoria\/\">Teoria musical<\/a><\/li><li><a href=\"https:\/\/micronauta.com\/archivos\/armonia.pdf\">Principios de Armonia<\/a><\/li><\/ol>\n\n\n\n<p>Este apartado ir\u00e1 creciendo en la medida que localice nuevos ficheros en la RED para compartirlos. Si conoces o tienes alg\u00fan fichero que consideres interesante puedes poner un comentario a continuaci\u00f3n.<\/p>\n","protected":false},"excerpt":{"rendered":"<p>Zona de descarga de partituras musicales y otros recursos para el aprendizaje. Todo este material est\u00e1 repartido por la RED esto es una peque\u00f1a muestra para tu uso autodidacta. REALBOOK , es una serie de recopilatorio de partituras muy utilizadas&#8230;<\/p>\n","protected":false},"author":1,"featured_media":0,"parent":0,"menu_order":0,"comment_status":"open","ping_status":"closed","template":"","meta":[],"_links":{"self":[{"href":"https:\/\/micronauta.com\/autodidactas\/wp-json\/wp\/v2\/pages\/222"}],"collection":[{"href":"https:\/\/micronauta.com\/autodidactas\/wp-json\/wp\/v2\/pages"}],"about":[{"href":"https:\/\/micronauta.com\/autodidactas\/wp-json\/wp\/v2\/types\/page"}],"author":[{"embeddable":true,"href":"https:\/\/micronauta.com\/autodidactas\/wp-json\/wp\/v2\/users\/1"}],"replies":[{"embeddable":true,"href":"https:\/\/micronauta.com\/autodidactas\/wp-json\/wp\/v2\/comments?post=222"}],"version-history":[{"count":38,"href":"https:\/\/micronauta.com\/autodidactas\/wp-json\/wp\/v2\/pages\/222\/revisions"}],"predecessor-version":[{"id":554,"href":"https:\/\/micronauta.com\/autodidactas\/wp-json\/wp\/v2\/pages\/222\/revisions\/554"}],"wp:attachment":[{"href":"https:\/\/micronauta.com\/autodidactas\/wp-json\/wp\/v2\/media?parent=222"}],"curies":[{"name":"wp","href":"https:\/\/api.w.org\/{rel}","templated":true}]}}