{"id":26,"date":"2019-10-18T16:05:41","date_gmt":"2019-10-18T14:05:41","guid":{"rendered":"https:\/\/micronauta.com\/autodidactas\/?page_id=26"},"modified":"2020-07-28T11:52:54","modified_gmt":"2020-07-28T09:52:54","slug":"musica","status":"publish","type":"page","link":"https:\/\/micronauta.com\/autodidactas\/musica\/","title":{"rendered":"M\u00fasica"},"content":{"rendered":"\n<p>La <strong>Expresi\u00f3n Art\u00edstica<\/strong><\/p>\n\n\n\n<p>El arte ha sido desde siempre uno de los principales medios de expresi\u00f3n del ser humano, a trav\u00e9s del cual manifiesta sus ideas y sentimientos, la forma como se relaciona con el mundo.<\/p>\n\n\n\n<p>El ARTE puede ser alimento de nuestras emociones y producto de nuestra creatividad o de otras personas. No deja de ser el idioma m\u00e1s internacional existente y el que nos hace realmente humanos.<\/p>\n\n\n\n<p>Cualquier manifestaci\u00f3n art\u00edstica cuenta con el ingenio , imaginaci\u00f3n y la creatividad de su autor, para deleite propio y de quienes sean capaces de entenderlo.<\/p>\n\n\n\n<p>La m\u00fasica es uno de los claros exponentes de la expresi\u00f3n art\u00edstica de los seres humanos. Combinando elemento f\u00edsicos como son el SONIDO que puede provenir de cualquier fuente conocida en forma de instrumentos , objetos cotidianos o nuestro propio cuerpo y la otra variable m\u00e1s importante es el TIEMPO , eso que siempre echamos en falta , eso que seg\u00fan nuestro estado emocional pasa muy r\u00e1pido o muy lento , pero que en definitiva mide nuestra propia vida , ya que somos lo que qued\u00f3 de nuestro tiempo vivido es seguro que tambien  solo somos  el que nos queda. El sonido en forma de m\u00fasica nos acompa\u00f1a desde que nacemos en forma de una simple nana o nos despide en el mejor de los escenarios con un Requiem . En cualquier caso tambien los silencios son importantes para la m\u00fasica y para nuestras vidas. APROVECHEMOS  nuestro tiempo como autodidacta y concentr\u00e9monos unos momentos en aprender mientras disfrutamos del mero placer de intentarlo. <\/p>\n\n\n\n<figure class=\"wp-block-embed-youtube alignfull wp-block-embed is-type-video is-provider-youtube wp-embed-aspect-16-9 wp-has-aspect-ratio\"><div class=\"wp-block-embed__wrapper\">\n<iframe title=\"C\u00f3mo Funciona la M\u00fasica, parte 1: La M\u00fasica es Relativa (con subt\u00edtulos)\" width=\"640\" height=\"360\" src=\"https:\/\/www.youtube.com\/embed\/tiWFPxR_Q-o?feature=oembed\" frameborder=\"0\" allow=\"accelerometer; autoplay; encrypted-media; gyroscope; picture-in-picture\" allowfullscreen><\/iframe>\n<\/div><figcaption>Como funciona la m\u00fasica. <\/figcaption><\/figure>\n\n\n\n<p><\/p>\n\n\n\n<p><a href=\"https:\/\/lacuerda.net\/Recursos\/teoria\/\">Teoria musical<\/a><\/p>\n\n\n\n<p><a href=\"https:\/\/micronauta.com\/archivos\/armonia.pdf\">Principios de Armonia<\/a><\/p>\n\n\n\n<p><a href=\"https:\/\/micronauta.com\/archivos\/guevara_sanin-teoria_de_la_musica.pdf\">Teoria de la m\u00fasica <\/a><\/p>\n\n\n\n<p><a href=\"https:\/\/micronauta.com\/archivos\/Curso_completo_de_Teoria_de_la_Musica.pdf\">Curso completo de teoria musical<\/a><\/p>\n\n\n\n<p><\/p>\n\n\n\n<figure class=\"wp-block-embed-youtube alignfull wp-block-embed is-type-video is-provider-youtube wp-embed-aspect-16-9 wp-has-aspect-ratio\"><div class=\"wp-block-embed__wrapper\">\n<iframe title=\"TED \/ Efecto de la mu\u0301sica en el cerebro = Efecto Esperanza Azteca\" width=\"640\" height=\"360\" src=\"https:\/\/www.youtube.com\/embed\/ED_Mok754DQ?feature=oembed\" frameborder=\"0\" allow=\"accelerometer; autoplay; encrypted-media; gyroscope; picture-in-picture\" allowfullscreen><\/iframe>\n<\/div><figcaption>Tu cerebro te lo agradecer\u00e1<\/figcaption><\/figure>\n\n\n\n<figure class=\"wp-block-embed-youtube wp-block-embed is-type-video is-provider-youtube wp-embed-aspect-16-9 wp-has-aspect-ratio\"><div class=\"wp-block-embed__wrapper\">\n<iframe title=\"\u00bfQu\u00e9 es la m\u00fasica en realidad? - CuriosaMente 43\" width=\"640\" height=\"360\" src=\"https:\/\/www.youtube.com\/embed\/hM6DYAf6kl0?feature=oembed\" frameborder=\"0\" allow=\"accelerometer; autoplay; encrypted-media; gyroscope; picture-in-picture\" allowfullscreen><\/iframe>\n<\/div><figcaption>En realidad \u00bfque es la m\u00fasica? <\/figcaption><\/figure>\n\n\n\n<p><a href=\"https:\/\/escuelaonlinedemusica.com\/lenguaje-musical\/intervalos-musicales-guia-paso-a-paso\/\" target=\"_blank\" rel=\"noreferrer noopener\">Los intervalos musicales<\/a><\/p>\n","protected":false},"excerpt":{"rendered":"<p>La Expresi\u00f3n Art\u00edstica El arte ha sido desde siempre uno de los principales medios de expresi\u00f3n del ser humano, a trav\u00e9s del cual manifiesta sus ideas y sentimientos, la forma como se relaciona con el mundo. El ARTE puede ser&#8230;<\/p>\n","protected":false},"author":1,"featured_media":0,"parent":0,"menu_order":0,"comment_status":"closed","ping_status":"closed","template":"","meta":[],"_links":{"self":[{"href":"https:\/\/micronauta.com\/autodidactas\/wp-json\/wp\/v2\/pages\/26"}],"collection":[{"href":"https:\/\/micronauta.com\/autodidactas\/wp-json\/wp\/v2\/pages"}],"about":[{"href":"https:\/\/micronauta.com\/autodidactas\/wp-json\/wp\/v2\/types\/page"}],"author":[{"embeddable":true,"href":"https:\/\/micronauta.com\/autodidactas\/wp-json\/wp\/v2\/users\/1"}],"replies":[{"embeddable":true,"href":"https:\/\/micronauta.com\/autodidactas\/wp-json\/wp\/v2\/comments?post=26"}],"version-history":[{"count":21,"href":"https:\/\/micronauta.com\/autodidactas\/wp-json\/wp\/v2\/pages\/26\/revisions"}],"predecessor-version":[{"id":550,"href":"https:\/\/micronauta.com\/autodidactas\/wp-json\/wp\/v2\/pages\/26\/revisions\/550"}],"wp:attachment":[{"href":"https:\/\/micronauta.com\/autodidactas\/wp-json\/wp\/v2\/media?parent=26"}],"curies":[{"name":"wp","href":"https:\/\/api.w.org\/{rel}","templated":true}]}}