{"id":39,"date":"2019-10-18T16:09:50","date_gmt":"2019-10-18T14:09:50","guid":{"rendered":"https:\/\/micronauta.com\/autodidactas\/?page_id=39"},"modified":"2019-12-02T17:43:35","modified_gmt":"2019-12-02T16:43:35","slug":"guitarra","status":"publish","type":"page","link":"https:\/\/micronauta.com\/autodidactas\/guitarra\/","title":{"rendered":"Guitarra"},"content":{"rendered":"\n<figure class=\"wp-block-image\"><img loading=\"lazy\" width=\"169\" height=\"163\" src=\"https:\/\/micronauta.com\/autodidactas\/wp-content\/uploads\/2019\/10\/guitarras2.jpeg\" alt=\"\" class=\"wp-image-96\"\/><figcaption>La guitarra es un&nbsp;<strong>instrumento de m\u00fasica que emplea cuerdas <\/strong>, \u00e9sta se encuentra compuesta por una caja de&nbsp;<strong>madera<\/strong>, a la cual se le denomina caja de resonancia, la misma tiene una forma ovoide y en cuyo centro se localiza un agujero, tambi\u00e9n tiene un m\u00e1stil de madera largo sobre el cual est\u00e1 dispuesto el trastero, una herramienta encima de la cual se encuentran los trastes y a su vez en \u00e9l se ubican las&nbsp;<a rel=\"noreferrer noopener\" href=\"http:\/\/www.pianomundo.com.ar\/instrumentos\/cuerdas.html\" target=\"_blank\"><strong>cuerdas<\/strong><\/a>&nbsp;que la componen, las cuales son seis en&nbsp;<strong>total<\/strong>, con ella es posible tocar diferentes notas musicales.<\/figcaption><\/figure>\n\n\n\n<p>Lo ideal para aprender a tocar cualquier instrumento musical es tener unos minimos conocimientos de m\u00fasica o en su defecto buen oido y afici\u00f3n a los temas que puedes interpretar con este instrumento  a la vez que debes conocer los detalles y posibilidades del instrumento. Esta parte suele requerir un peque\u00f1o esfuerzo pero siempre vale la pena.<\/p>\n\n\n\n<h2>Posibilidades de la guitarra.<\/h2>\n\n\n\n<p>&nbsp; La guitarra es un instrumento con muchas posibilidades. Cuando alguien quiere iniciarse en su aprendizaje sin profesor, debe tener claro si quiere aprender a&nbsp;<strong>acompa\u00f1ar<\/strong>&nbsp;(en ese caso basta con empezar por aprender los&nbsp;<strong>acordes<\/strong>&nbsp;principales) o como instrumento&nbsp;<strong>solista<\/strong>&nbsp;(para ello necesitamos saber donde est\u00e1n las&nbsp;<strong>notas<\/strong>, en qu\u00e9 cuerdas y en que trastes).&nbsp; &nbsp;Aunque, por qu\u00e9 no, si eres un poco ambicioso, puedes&nbsp;<strong>aprender ambas cosas<\/strong>. Simult\u00e1neamente o comenzando primero por una de ellas.<\/p>\n\n\n\n<p>Siempre ayuda compartir los primeros pasos con alguien que te introduzca , un amigo, un familiar u profesor , pero la pasi\u00f3n y tus ganas de aprender ser\u00e1n la clave. <\/p>\n\n\n\n<p>En la RED existen muchos recursos para aprender guitarra. Cada vez hay m\u00e1s ofertas de cursos ONLINE y utilizan la RED para mostrar sus contenidos. Inicialmente no recomiendo comprar ning\u00fan curso , hasta el momento que te encuentres bloqueado y no avances. Entonces es bueno recurrir a un m\u00e9todo formativo y hacer algunos gastos. Mientras tienes mucho que ir aprendiendo del material gratuito de la RED.<\/p>\n\n\n\n<p>Os pongo a modo de ejemplo dos muy interesantes para aprender guitarra flamenca, ir\u00e9 poniendo otros m\u00e1s.<\/p>\n\n\n\n<figure class=\"wp-block-embed-wordpress wp-block-embed is-type-wp-embed is-provider-tabs\"><div class=\"wp-block-embed__wrapper\">\n<blockquote class=\"wp-embedded-content\" data-secret=\"Q75uG3Z7LA\"><a href=\"https:\/\/premium.flamencoestepa.com\/planes-de-suscripcion\/\">Planes de suscripci\u00f3n<\/a><\/blockquote><iframe title=\"&#171;Planes de suscripci\u00f3n&#187; &#8212; TABS\" class=\"wp-embedded-content\" sandbox=\"allow-scripts\" security=\"restricted\" style=\"position: absolute; clip: rect(1px, 1px, 1px, 1px);\" src=\"https:\/\/premium.flamencoestepa.com\/planes-de-suscripcion\/embed\/#?secret=Q75uG3Z7LA\" data-secret=\"Q75uG3Z7LA\" width=\"600\" height=\"338\" frameborder=\"0\" marginwidth=\"0\" marginheight=\"0\" scrolling=\"no\"><\/iframe>\n<\/div><figcaption><a href=\"https:\/\/premium.flamencoestepa.com\/planes-de-suscripcion\/\">https:\/\/premium.flamencoestepa.com\/planes-de-suscripcion\/<\/a><\/figcaption><\/figure>\n\n\n\n<figure class=\"wp-block-embed-youtube wp-block-embed is-type-video is-provider-youtube wp-embed-aspect-16-9 wp-has-aspect-ratio\"><div class=\"wp-block-embed__wrapper\">\n<iframe title=\"Curso de Guitarra Flamenca - Jer\u00f3nimo de Carmen\" width=\"640\" height=\"360\" src=\"https:\/\/www.youtube.com\/embed\/IJPBMPzjVFk?feature=oembed\" frameborder=\"0\" allow=\"accelerometer; autoplay; encrypted-media; gyroscope; picture-in-picture\" allowfullscreen><\/iframe>\n<\/div><figcaption>Jeronimo de Carmen<\/figcaption><\/figure>\n\n\n\n<p><a href=\"http:\/\/jeronimodecarmen.esy.es\/curso-on-line\/\">http:\/\/jeronimodecarmen.esy.es\/curso-on-line\/<\/a><\/p>\n\n\n\n<p>Existen descuentos del 10% de su curso online, su precio es de 99 \u20ac <\/p>\n\n\n\n<figure class=\"wp-block-image alignfull\"><img loading=\"lazy\" width=\"1024\" height=\"725\" src=\"https:\/\/micronauta.com\/autodidactas\/wp-content\/uploads\/2019\/11\/tabla-acordes-guitarra-1024x725.jpg\" alt=\"\" class=\"wp-image-145\" srcset=\"https:\/\/micronauta.com\/autodidactas\/wp-content\/uploads\/2019\/11\/tabla-acordes-guitarra-1024x725.jpg 1024w, https:\/\/micronauta.com\/autodidactas\/wp-content\/uploads\/2019\/11\/tabla-acordes-guitarra-300x213.jpg 300w, https:\/\/micronauta.com\/autodidactas\/wp-content\/uploads\/2019\/11\/tabla-acordes-guitarra-768x544.jpg 768w\" sizes=\"(max-width: 1024px) 100vw, 1024px\" \/><\/figure>\n\n\n\n<figure class=\"wp-block-image alignfull\"><img loading=\"lazy\" width=\"1024\" height=\"299\" src=\"https:\/\/micronauta.com\/autodidactas\/wp-content\/uploads\/2019\/11\/2-mastil-con-notas-1024x299.jpg\" alt=\"\" class=\"wp-image-147\" srcset=\"https:\/\/micronauta.com\/autodidactas\/wp-content\/uploads\/2019\/11\/2-mastil-con-notas-1024x299.jpg 1024w, https:\/\/micronauta.com\/autodidactas\/wp-content\/uploads\/2019\/11\/2-mastil-con-notas-300x88.jpg 300w, https:\/\/micronauta.com\/autodidactas\/wp-content\/uploads\/2019\/11\/2-mastil-con-notas-768x224.jpg 768w, https:\/\/micronauta.com\/autodidactas\/wp-content\/uploads\/2019\/11\/2-mastil-con-notas.jpg 2022w\" sizes=\"(max-width: 1024px) 100vw, 1024px\" \/><\/figure>\n\n\n\n<figure class=\"wp-block-image alignfull\"><img loading=\"lazy\" width=\"1024\" height=\"708\" src=\"https:\/\/micronauta.com\/autodidactas\/wp-content\/uploads\/2019\/11\/2-mastil-con-notas2-1024x708.jpg\" alt=\"\" class=\"wp-image-149\" srcset=\"https:\/\/micronauta.com\/autodidactas\/wp-content\/uploads\/2019\/11\/2-mastil-con-notas2-1024x708.jpg 1024w, https:\/\/micronauta.com\/autodidactas\/wp-content\/uploads\/2019\/11\/2-mastil-con-notas2-300x207.jpg 300w, https:\/\/micronauta.com\/autodidactas\/wp-content\/uploads\/2019\/11\/2-mastil-con-notas2-768x531.jpg 768w, https:\/\/micronauta.com\/autodidactas\/wp-content\/uploads\/2019\/11\/2-mastil-con-notas2.jpg 1638w\" sizes=\"(max-width: 1024px) 100vw, 1024px\" \/><\/figure>\n\n\n\n<figure class=\"wp-block-image alignfull\"><img loading=\"lazy\" width=\"800\" height=\"235\" src=\"https:\/\/micronauta.com\/autodidactas\/wp-content\/uploads\/2019\/11\/Todas-las-notas-de-guitarra.png\" alt=\"\" class=\"wp-image-391\" srcset=\"https:\/\/micronauta.com\/autodidactas\/wp-content\/uploads\/2019\/11\/Todas-las-notas-de-guitarra.png 800w, https:\/\/micronauta.com\/autodidactas\/wp-content\/uploads\/2019\/11\/Todas-las-notas-de-guitarra-300x88.png 300w, https:\/\/micronauta.com\/autodidactas\/wp-content\/uploads\/2019\/11\/Todas-las-notas-de-guitarra-768x226.png 768w\" sizes=\"(max-width: 800px) 100vw, 800px\" \/><\/figure>\n\n\n\n<figure class=\"wp-block-image alignfull\"><img loading=\"lazy\" width=\"608\" height=\"170\" src=\"https:\/\/micronauta.com\/autodidactas\/wp-content\/uploads\/2019\/11\/notas-diapason-guitarra.jpeg\" alt=\"\" class=\"wp-image-392\" srcset=\"https:\/\/micronauta.com\/autodidactas\/wp-content\/uploads\/2019\/11\/notas-diapason-guitarra.jpeg 608w, https:\/\/micronauta.com\/autodidactas\/wp-content\/uploads\/2019\/11\/notas-diapason-guitarra-300x84.jpeg 300w\" sizes=\"(max-width: 608px) 100vw, 608px\" \/><\/figure>\n\n\n\n<div class=\"wp-block-file\"><a href=\"https:\/\/micronauta.com\/autodidactas\/wp-content\/uploads\/2019\/11\/Estudiar-notas-guitarra.pdf\">Imprime para Estudiar-notas-guitarra<\/a><a href=\"https:\/\/micronauta.com\/autodidactas\/wp-content\/uploads\/2019\/11\/Estudiar-notas-guitarra.pdf\" class=\"wp-block-file__button\" download>Descarga<\/a><\/div>\n\n\n\n<p><a href=\"http:\/\/bibliotecadelaguitarra.com\/es\/\">http:\/\/bibliotecadelaguitarra.com\/es\/<\/a> .  Esta biblioteca de guitarra y cuerdas es IMPRESIONANTE . MUY RECOMENDABLE COMO RECURSO<\/p>\n","protected":false},"excerpt":{"rendered":"<p>Lo ideal para aprender a tocar cualquier instrumento musical es tener unos minimos conocimientos de m\u00fasica o en su defecto buen oido y afici\u00f3n a los temas que puedes interpretar con este instrumento a la vez que debes conocer los&#8230;<\/p>\n","protected":false},"author":1,"featured_media":0,"parent":0,"menu_order":0,"comment_status":"closed","ping_status":"closed","template":"","meta":[],"_links":{"self":[{"href":"https:\/\/micronauta.com\/autodidactas\/wp-json\/wp\/v2\/pages\/39"}],"collection":[{"href":"https:\/\/micronauta.com\/autodidactas\/wp-json\/wp\/v2\/pages"}],"about":[{"href":"https:\/\/micronauta.com\/autodidactas\/wp-json\/wp\/v2\/types\/page"}],"author":[{"embeddable":true,"href":"https:\/\/micronauta.com\/autodidactas\/wp-json\/wp\/v2\/users\/1"}],"replies":[{"embeddable":true,"href":"https:\/\/micronauta.com\/autodidactas\/wp-json\/wp\/v2\/comments?post=39"}],"version-history":[{"count":16,"href":"https:\/\/micronauta.com\/autodidactas\/wp-json\/wp\/v2\/pages\/39\/revisions"}],"predecessor-version":[{"id":462,"href":"https:\/\/micronauta.com\/autodidactas\/wp-json\/wp\/v2\/pages\/39\/revisions\/462"}],"wp:attachment":[{"href":"https:\/\/micronauta.com\/autodidactas\/wp-json\/wp\/v2\/media?parent=39"}],"curies":[{"name":"wp","href":"https:\/\/api.w.org\/{rel}","templated":true}]}}